{"id":24,"date":"2021-01-28T13:26:00","date_gmt":"2021-01-28T13:26:00","guid":{"rendered":"http:\/\/demina.cz\/?page_id=24"},"modified":"2023-01-05T08:07:46","modified_gmt":"2023-01-05T08:07:46","slug":"znalostni-databaze","status":"publish","type":"page","link":"http:\/\/demina.cz\/home\/znalostni-databaze\/","title":{"rendered":"Znalostn\u00ed datab\u00e1ze"},"content":{"rendered":"\t\t<div data-elementor-type=\"wp-page\" data-elementor-id=\"24\" class=\"elementor elementor-24\" data-elementor-settings=\"[]\">\n\t\t\t\t\t\t\t<div class=\"elementor-section-wrap\">\n\t\t\t\t\t\t\t<section class=\"elementor-section elementor-top-section elementor-element elementor-element-745a7d0f elementor-section-boxed elementor-section-height-default elementor-section-height-default\" data-id=\"745a7d0f\" data-element_type=\"section\">\n\t\t\t\t\t\t<div class=\"elementor-container elementor-column-gap-default\">\n\t\t\t\t\t<div class=\"elementor-column elementor-col-33 elementor-top-column elementor-element elementor-element-75855be\" data-id=\"75855be\" data-element_type=\"column\">\n\t\t\t<div class=\"elementor-widget-wrap elementor-element-populated\">\n\t\t\t\t\t\t\t\t<div class=\"elementor-element elementor-element-7a690108 elementor-view-default elementor-position-top elementor-vertical-align-top elementor-widget elementor-widget-icon-box\" data-id=\"7a690108\" data-element_type=\"widget\" data-widget_type=\"icon-box.default\">\n\t\t\t\t<div class=\"elementor-widget-container\">\n\t\t\t\t\t<div class=\"elementor-icon-box-wrapper\">\n\t\t\t\t\t\t<div class=\"elementor-icon-box-icon\">\n\t\t\t\t<a class=\"elementor-icon elementor-animation-\" href=\"http:\/\/demina.cz\/wp-content\/uploads\/2023\/01\/Destination_A_circular_economy_handbook.pdf\" target=\"_blank\">\n\t\t\t\t<i aria-hidden=\"true\" class=\"fas fa-file-pdf\"><\/i>\t\t\t\t<\/a>\n\t\t\t<\/div>\n\t\t\t\t\t\t<div class=\"elementor-icon-box-content\">\n\t\t\t\t<h3 class=\"elementor-icon-box-title\">\n\t\t\t\t\t<a href=\"http:\/\/demina.cz\/wp-content\/uploads\/2023\/01\/Destination_A_circular_economy_handbook.pdf\" target=\"_blank\">Destination: A circular tourism economy<\/a>\n\t\t\t\t<\/h3>\n\t\t\t\t\t\t\t\t<p class=\"elementor-icon-box-description\">Soubor otev\u0159ete kliknut\u00edm na ikonu<\/p>\n\t\t\t\t\t\t\t<\/div>\n\t\t<\/div>\n\t\t\t\t<\/div>\n\t\t\t\t<\/div>\n\t\t\t\t\t<\/div>\n\t\t<\/div>\n\t\t\t\t<div class=\"elementor-column elementor-col-33 elementor-top-column elementor-element elementor-element-6e7ff3a5\" data-id=\"6e7ff3a5\" data-element_type=\"column\">\n\t\t\t<div class=\"elementor-widget-wrap elementor-element-populated\">\n\t\t\t\t\t\t\t\t<div class=\"elementor-element elementor-element-f849748 elementor-view-default elementor-position-top elementor-vertical-align-top elementor-widget elementor-widget-icon-box\" data-id=\"f849748\" data-element_type=\"widget\" data-widget_type=\"icon-box.default\">\n\t\t\t\t<div class=\"elementor-widget-container\">\n\t\t\t\t\t<div class=\"elementor-icon-box-wrapper\">\n\t\t\t\t\t\t<div class=\"elementor-icon-box-icon\">\n\t\t\t\t<a class=\"elementor-icon elementor-animation-\" href=\"http:\/\/demina.cz\/wp-content\/uploads\/2023\/01\/Tourism-in-the-organizational-structures-of-metropolitan-municipalities.pdf\" target=\"_blank\">\n\t\t\t\t<i aria-hidden=\"true\" class=\"fas fa-file-pdf\"><\/i>\t\t\t\t<\/a>\n\t\t\t<\/div>\n\t\t\t\t\t\t<div class=\"elementor-icon-box-content\">\n\t\t\t\t<h3 class=\"elementor-icon-box-title\">\n\t\t\t\t\t<a href=\"http:\/\/demina.cz\/wp-content\/uploads\/2023\/01\/Tourism-in-the-organizational-structures-of-metropolitan-municipalities.pdf\" target=\"_blank\">Tourism in the organizational structures of metropolitan municipalities<\/a>\n\t\t\t\t<\/h3>\n\t\t\t\t\t\t\t\t<p class=\"elementor-icon-box-description\"><span style=\"font-size: 15.9984px;\">Soubor otev\u0159ete kliknut\u00edm na ikonu<\/span><\/p>\n\t\t\t\t\t\t\t<\/div>\n\t\t<\/div>\n\t\t\t\t<\/div>\n\t\t\t\t<\/div>\n\t\t\t\t\t<\/div>\n\t\t<\/div>\n\t\t\t\t<div class=\"elementor-column elementor-col-33 elementor-top-column elementor-element elementor-element-5bc3eade\" data-id=\"5bc3eade\" data-element_type=\"column\">\n\t\t\t<div class=\"elementor-widget-wrap elementor-element-populated\">\n\t\t\t\t\t\t\t\t<div class=\"elementor-element elementor-element-32dc4dc6 elementor-view-default elementor-position-top elementor-vertical-align-top elementor-widget elementor-widget-icon-box\" data-id=\"32dc4dc6\" data-element_type=\"widget\" data-widget_type=\"icon-box.default\">\n\t\t\t\t<div class=\"elementor-widget-container\">\n\t\t\t\t\t<div class=\"elementor-icon-box-wrapper\">\n\t\t\t\t\t\t<div class=\"elementor-icon-box-icon\">\n\t\t\t\t<a class=\"elementor-icon elementor-animation-\" href=\"http:\/\/demina.cz\/wp-content\/uploads\/2023\/01\/Culinary-Tourism-Product-Canada.pdf\" target=\"_blank\">\n\t\t\t\t<i aria-hidden=\"true\" class=\"fas fa-file-pdf\"><\/i>\t\t\t\t<\/a>\n\t\t\t<\/div>\n\t\t\t\t\t\t<div class=\"elementor-icon-box-content\">\n\t\t\t\t<h3 class=\"elementor-icon-box-title\">\n\t\t\t\t\t<a href=\"http:\/\/demina.cz\/wp-content\/uploads\/2023\/01\/Culinary-Tourism-Product-Canada.pdf\" target=\"_blank\">Culinary Tourism Product Canada<\/a>\n\t\t\t\t<\/h3>\n\t\t\t\t\t\t\t\t<p class=\"elementor-icon-box-description\"><span style=\"font-size: 15.9984px;\">Soubor otev\u0159ete kliknut\u00edm na ikonu<\/span><\/p>\n\t\t\t\t\t\t\t<\/div>\n\t\t<\/div>\n\t\t\t\t<\/div>\n\t\t\t\t<\/div>\n\t\t\t\t\t<\/div>\n\t\t<\/div>\n\t\t\t\t\t\t\t<\/div>\n\t\t<\/section>\n\t\t\t\t<section class=\"elementor-section elementor-top-section elementor-element elementor-element-7f0308e elementor-section-boxed elementor-section-height-default elementor-section-height-default\" data-id=\"7f0308e\" data-element_type=\"section\">\n\t\t\t\t\t\t<div class=\"elementor-container elementor-column-gap-default\">\n\t\t\t\t\t<div class=\"elementor-column elementor-col-33 elementor-top-column elementor-element elementor-element-2c71ba0\" data-id=\"2c71ba0\" data-element_type=\"column\">\n\t\t\t<div class=\"elementor-widget-wrap elementor-element-populated\">\n\t\t\t\t\t\t\t\t<div class=\"elementor-element elementor-element-502aa00 elementor-view-default elementor-position-top elementor-vertical-align-top elementor-widget elementor-widget-icon-box\" data-id=\"502aa00\" data-element_type=\"widget\" data-widget_type=\"icon-box.default\">\n\t\t\t\t<div class=\"elementor-widget-container\">\n\t\t\t\t\t<div class=\"elementor-icon-box-wrapper\">\n\t\t\t\t\t\t<div class=\"elementor-icon-box-icon\">\n\t\t\t\t<a class=\"elementor-icon elementor-animation-\" href=\"http:\/\/demina.cz\/wp-content\/uploads\/2023\/01\/WEF_Ten_Principles_for_Sustainable_Destinations_2022.pdf\" target=\"_blank\">\n\t\t\t\t<i aria-hidden=\"true\" class=\"fas fa-file-pdf\"><\/i>\t\t\t\t<\/a>\n\t\t\t<\/div>\n\t\t\t\t\t\t<div class=\"elementor-icon-box-content\">\n\t\t\t\t<h3 class=\"elementor-icon-box-title\">\n\t\t\t\t\t<a href=\"http:\/\/demina.cz\/wp-content\/uploads\/2023\/01\/WEF_Ten_Principles_for_Sustainable_Destinations_2022.pdf\" target=\"_blank\">WEF Ten Principles for Sustainable Destinations<\/a>\n\t\t\t\t<\/h3>\n\t\t\t\t\t\t\t\t<p class=\"elementor-icon-box-description\">Soubor otev\u0159ete kliknut\u00edm na ikonu<\/p>\n\t\t\t\t\t\t\t<\/div>\n\t\t<\/div>\n\t\t\t\t<\/div>\n\t\t\t\t<\/div>\n\t\t\t\t\t<\/div>\n\t\t<\/div>\n\t\t\t\t<div class=\"elementor-column elementor-col-33 elementor-top-column elementor-element elementor-element-9decf3c\" data-id=\"9decf3c\" data-element_type=\"column\">\n\t\t\t<div class=\"elementor-widget-wrap elementor-element-populated\">\n\t\t\t\t\t\t\t\t<div class=\"elementor-element elementor-element-106847b elementor-view-default elementor-position-top elementor-vertical-align-top elementor-widget elementor-widget-icon-box\" data-id=\"106847b\" data-element_type=\"widget\" data-widget_type=\"icon-box.default\">\n\t\t\t\t<div class=\"elementor-widget-container\">\n\t\t\t\t\t<div class=\"elementor-icon-box-wrapper\">\n\t\t\t\t\t\t<div class=\"elementor-icon-box-icon\">\n\t\t\t\t<a class=\"elementor-icon elementor-animation-\" href=\"http:\/\/demina.cz\/wp-content\/uploads\/2023\/01\/circular-economy-in-travel-and-tourism-1.pdf\" target=\"_blank\">\n\t\t\t\t<i aria-hidden=\"true\" class=\"fas fa-file-pdf\"><\/i>\t\t\t\t<\/a>\n\t\t\t<\/div>\n\t\t\t\t\t\t<div class=\"elementor-icon-box-content\">\n\t\t\t\t<h3 class=\"elementor-icon-box-title\">\n\t\t\t\t\t<a href=\"http:\/\/demina.cz\/wp-content\/uploads\/2023\/01\/circular-economy-in-travel-and-tourism-1.pdf\" target=\"_blank\">Circular economy in travel and tourism<\/a>\n\t\t\t\t<\/h3>\n\t\t\t\t\t\t\t\t<p class=\"elementor-icon-box-description\"><span style=\"font-size: 15.9984px;\">Soubor otev\u0159ete kliknut\u00edm na ikonu<\/span><\/p>\n\t\t\t\t\t\t\t<\/div>\n\t\t<\/div>\n\t\t\t\t<\/div>\n\t\t\t\t<\/div>\n\t\t\t\t\t<\/div>\n\t\t<\/div>\n\t\t\t\t<div class=\"elementor-column elementor-col-33 elementor-top-column elementor-element elementor-element-c07eb09\" data-id=\"c07eb09\" data-element_type=\"column\">\n\t\t\t<div class=\"elementor-widget-wrap\">\n\t\t\t\t\t\t\t\t\t<\/div>\n\t\t<\/div>\n\t\t\t\t\t\t\t<\/div>\n\t\t<\/section>\n\t\t\t\t\t\t<\/div>\n\t\t\t\t\t<\/div>\n\t\t","protected":false},"excerpt":{"rendered":"<p>Destination: A circular tourism economy Soubor otev\u0159ete kliknut\u00edm na ikonu Tourism in the organizational structures of metropolitan municipalities Soubor otev\u0159ete kliknut\u00edm na ikonu Culinary Tourism Product Canada Soubor otev\u0159ete kliknut\u00edm na ikonu WEF Ten Principles for Sustainable Destinations Soubor otev\u0159ete kliknut\u00edm na ikonu Circular economy in travel and tourism Soubor otev\u0159ete kliknut\u00edm na ikonu<\/p>\n","protected":false},"author":1,"featured_media":135,"parent":0,"menu_order":0,"comment_status":"closed","ping_status":"closed","template":"","meta":[],"_links":{"self":[{"href":"http:\/\/demina.cz\/home\/wp-json\/wp\/v2\/pages\/24"}],"collection":[{"href":"http:\/\/demina.cz\/home\/wp-json\/wp\/v2\/pages"}],"about":[{"href":"http:\/\/demina.cz\/home\/wp-json\/wp\/v2\/types\/page"}],"author":[{"embeddable":true,"href":"http:\/\/demina.cz\/home\/wp-json\/wp\/v2\/users\/1"}],"replies":[{"embeddable":true,"href":"http:\/\/demina.cz\/home\/wp-json\/wp\/v2\/comments?post=24"}],"version-history":[{"count":16,"href":"http:\/\/demina.cz\/home\/wp-json\/wp\/v2\/pages\/24\/revisions"}],"predecessor-version":[{"id":673,"href":"http:\/\/demina.cz\/home\/wp-json\/wp\/v2\/pages\/24\/revisions\/673"}],"wp:featuredmedia":[{"embeddable":true,"href":"http:\/\/demina.cz\/home\/wp-json\/wp\/v2\/media\/135"}],"wp:attachment":[{"href":"http:\/\/demina.cz\/home\/wp-json\/wp\/v2\/media?parent=24"}],"curies":[{"name":"wp","href":"https:\/\/api.w.org\/{rel}","templated":true}]}}