{"id":49,"date":"2021-01-28T13:30:11","date_gmt":"2021-01-28T13:30:11","guid":{"rendered":"http:\/\/demina.cz\/?page_id=49"},"modified":"2021-01-28T17:08:02","modified_gmt":"2021-01-28T17:08:02","slug":"projekt","status":"publish","type":"page","link":"http:\/\/demina.cz\/home\/projekt\/","title":{"rendered":"Projekt"},"content":{"rendered":"<p><strong>O projektu<\/strong><\/p>\r\n<!-- \/wp:paragraph -->\r\n\r\n<!-- wp:paragraph -->\r\n<p>Projekt Inovace a dal\u0161\u00ed vzd\u011bl\u00e1v\u00e1n\u00ed v destina\u010dn\u00edm managementu (DEMINA) byl napl\u00e1nov\u00e1n s c\u00edlem odstranit sou\u010dasn\u00e9 mezery ve vzd\u011bl\u00e1vac\u00edch materi\u00e1lech a metodik\u00e1ch pro oblast destina\u010dn\u00edho managementu a strategick\u00e9ho rozvoje turismu a je realizov\u00e1n mezin\u00e1rodn\u00edm partnerstv\u00edm sedmi odborn\u00fdch instituc\u00ed ze \u0161esti zem\u00ed.<\/p>\r\n<!-- \/wp:paragraph -->\r\n\r\n<!-- wp:paragraph -->\r\n<p><strong>C\u00edle projektu jsou n\u00e1sleduj\u00edc\u00ed:<\/strong><\/p>\r\n<!-- \/wp:paragraph -->\r\n\r\n<!-- wp:list -->\r\n<ul>\r\n<li>zv\u00fd\u0161it kvalifikaci \/profesionalizaci destina\u010dn\u00edch organizac\u00ed a nau\u010dit je pracovat s efektivn\u00edmi n\u00e1stroji pro zv\u00fd\u0161en\u00ed jejich znalost\u00ed a dovednost\u00ed;<\/li>\r\n<li>definovat na evropsk\u00e9 \u00farovni nov\u00e9 odborn\u00e9 kvalifikace Pracovn\u00edk destina\u010dn\u00ed organizace, Mana\u017eer destina\u010dn\u00ed organizace a Auditor destinac\u00ed;<\/li>\r\n<li>vytvo\u0159it unik\u00e1tn\u00ed vzd\u011bl\u00e1vac\u00ed a metodick\u00fd n\u00e1stroj pro oblast auditu a \u0159\u00edzen\u00ed destinac\u00ed a pos\u00edlit tak nab\u00eddku odborn\u00e9ho vzd\u011bl\u00e1v\u00e1n\u00ed v t\u00e9to oblasti<\/li>\r\n<li>prosadit odbornost v oblasti destina\u010dn\u00edho auditu jako sou\u010d\u00e1st kvalifikace destina\u010dn\u00edho managementu v partnersk\u00fdch zem\u00edch;<\/li>\r\n<li>podporovat a roz\u0161i\u0159ovat z\u00e1jem o destina\u010dn\u00ed management s c\u00edlem p\u0159isp\u011bt k vy\u0161\u0161\u00edmu z\u00e1jmu o udr\u017eiteln\u00fd a konkurenceschopn\u00fd rozvoj turismu a region\u016f a souvisej\u00edc\u00ed politiky;<\/li>\r\n<li>pos\u00edlit na \u00farovni EU s\u00ed\u0165 odborn\u00edk\u016f specializovan\u00fdch na DM, co\u017e umo\u017en\u00ed d\u00edky v\u00fdm\u011bn\u011b odborn\u00fdch zku\u0161enost\u00ed trvale zvy\u0161ovat jejich profesn\u00ed znalosti a dovednosti.<\/li>\r\n<\/ul>\r\n<!-- \/wp:list -->\r\n\r\n<!-- wp:paragraph -->\r\n<p>Projekt se tak zam\u011b\u0159uje na n\u00e1sleduj\u00edc\u00ed specifick\u00e9 oblasti:<\/p>\r\n<!-- \/wp:paragraph -->\r\n\r\n<!-- wp:list -->\r\n<ul>\r\n<li>inovace v oblasti \u0159\u00edzen\u00ed destinac\u00ed<\/li>\r\n<li>hospod\u00e1rnost, \u00fa\u010delnost a \u00fa\u010dinnost finan\u010dn\u00edch investic do rozvoje turismu a destinac\u00ed<\/li>\r\n<li>zvy\u0161ov\u00e1n\u00ed kvalifikace mana\u017eer\u016f a pracovn\u00edk\u016f v oblasti destina\u010dn\u00edho managementu a strategick\u00e9ho rozvoje turismu<\/li>\r\n<li>aplikace evropsk\u00e9ho konceptu Tourism Learning Areas<\/li>\r\n<li>strategick\u00e9 a procesn\u00ed pl\u00e1nov\u00e1n\u00ed turismu<\/li>\r\n<\/ul>\r\n<!-- \/wp:list -->\r\n\r\n<!-- wp:paragraph -->\r\n<p><strong>V\u00a0projektu je pl\u00e1nov\u00e1no vytvo\u0159en\u00ed dvou kl\u00ed\u010dov\u00fdch v\u00fdstup\u016f:<\/strong><\/p>\r\n<!-- \/wp:paragraph -->\r\n\r\n<!-- wp:paragraph -->\r\n<p>1. vytvo\u0159en\u00ed metodick\u00e9 publikace Evropsk\u00fd model a metodika pro \u0159\u00edzen\u00ed a audit destinac\u00ed<\/p>\r\n<!-- \/wp:paragraph -->\r\n\r\n<!-- wp:paragraph -->\r\n<p>2. vytvo\u0159en\u00ed vzd\u011bl\u00e1vac\u00edho programu pro pracovn\u00edky destina\u010dn\u00edho managementu a pracovn\u00edky zodpov\u011bdn\u00e9 za rozvoj turismu na ve\u0159ejnopr\u00e1vn\u00ed \u00farovni, aplikovateln\u00e9ho jednak v celo\u017eivotn\u00edm odborn\u00e9m vzd\u011bl\u00e1v\u00e1n\u00ed pracovn\u00edk\u016f v turismu a jednak v odborn\u00e9m vzd\u011bl\u00e1v\u00e1n\u00ed budouc\u00edch pracovn\u00edk\u016f v turismu<\/p>\r\n<!-- \/wp:paragraph -->\r\n\r\n<!-- wp:paragraph -->\r\n<p>Sou\u010d\u00e1st\u00ed projektu bude i mezin\u00e1rodn\u00ed p\u011btidenn\u00ed semin\u00e1\u0159 pro destina\u010dn\u00ed odborn\u00edky z partnersk\u00fdch zem\u00ed zam\u011b\u0159en\u00fd na teoretickou a praktickou v\u00fduku zpracovan\u00e9 problematiky, proveden\u00fd v re\u00e1ln\u00e9 destinaci a s re\u00e1ln\u00fdmi daty.<\/p>\r\n<!-- \/wp:paragraph -->","protected":false},"excerpt":{"rendered":"<p>O projektu Projekt Inovace a dal\u0161\u00ed vzd\u011bl\u00e1v\u00e1n\u00ed v destina\u010dn\u00edm managementu (DEMINA) byl napl\u00e1nov\u00e1n s c\u00edlem odstranit sou\u010dasn\u00e9 mezery ve vzd\u011bl\u00e1vac\u00edch materi\u00e1lech a metodik\u00e1ch pro oblast destina\u010dn\u00edho managementu a strategick\u00e9ho rozvoje turismu a je realizov\u00e1n mezin\u00e1rodn\u00edm partnerstv\u00edm sedmi odborn\u00fdch instituc\u00ed ze \u0161esti zem\u00ed. C\u00edle projektu jsou n\u00e1sleduj\u00edc\u00ed: zv\u00fd\u0161it kvalifikaci \/profesionalizaci destina\u010dn\u00edch organizac\u00ed a nau\u010dit je pracovat s efektivn\u00edmi n\u00e1stroji pro zv\u00fd\u0161en\u00ed jejich znalost\u00ed a dovednost\u00ed; definovat na evropsk\u00e9 \u00farovni nov\u00e9 odborn\u00e9 kvalifikace Pracovn\u00edk destina\u010dn\u00ed organizace, Mana\u017eer destina\u010dn\u00ed organizace a Auditor destinac\u00ed; vytvo\u0159it unik\u00e1tn\u00ed vzd\u011bl\u00e1vac\u00ed a metodick\u00fd n\u00e1stroj pro oblast auditu a \u0159\u00edzen\u00ed destinac\u00ed a pos\u00edlit tak nab\u00eddku odborn\u00e9ho vzd\u011bl\u00e1v\u00e1n\u00ed v t\u00e9to &hellip; <\/p>\n","protected":false},"author":1,"featured_media":130,"parent":0,"menu_order":0,"comment_status":"closed","ping_status":"closed","template":"","meta":[],"_links":{"self":[{"href":"http:\/\/demina.cz\/home\/wp-json\/wp\/v2\/pages\/49"}],"collection":[{"href":"http:\/\/demina.cz\/home\/wp-json\/wp\/v2\/pages"}],"about":[{"href":"http:\/\/demina.cz\/home\/wp-json\/wp\/v2\/types\/page"}],"author":[{"embeddable":true,"href":"http:\/\/demina.cz\/home\/wp-json\/wp\/v2\/users\/1"}],"replies":[{"embeddable":true,"href":"http:\/\/demina.cz\/home\/wp-json\/wp\/v2\/comments?post=49"}],"version-history":[{"count":3,"href":"http:\/\/demina.cz\/home\/wp-json\/wp\/v2\/pages\/49\/revisions"}],"predecessor-version":[{"id":97,"href":"http:\/\/demina.cz\/home\/wp-json\/wp\/v2\/pages\/49\/revisions\/97"}],"wp:featuredmedia":[{"embeddable":true,"href":"http:\/\/demina.cz\/home\/wp-json\/wp\/v2\/media\/130"}],"wp:attachment":[{"href":"http:\/\/demina.cz\/home\/wp-json\/wp\/v2\/media?parent=49"}],"curies":[{"name":"wp","href":"https:\/\/api.w.org\/{rel}","templated":true}]}}