{"id":52,"date":"2021-01-28T13:30:51","date_gmt":"2021-01-28T13:30:51","guid":{"rendered":"http:\/\/demina.cz\/?page_id=52"},"modified":"2021-10-22T06:30:27","modified_gmt":"2021-10-22T06:30:27","slug":"partneri","status":"publish","type":"page","link":"http:\/\/demina.cz\/home\/partneri\/","title":{"rendered":"Partne\u0159i projektu"},"content":{"rendered":"\t\t<div data-elementor-type=\"wp-page\" data-elementor-id=\"52\" class=\"elementor elementor-52\" data-elementor-settings=\"[]\">\n\t\t\t\t\t\t\t<div class=\"elementor-section-wrap\">\n\t\t\t\t\t\t\t<section class=\"elementor-section elementor-top-section elementor-element elementor-element-a7212d2 elementor-section-boxed elementor-section-height-default elementor-section-height-default\" data-id=\"a7212d2\" data-element_type=\"section\">\n\t\t\t\t\t\t<div class=\"elementor-container elementor-column-gap-default\">\n\t\t\t\t\t<div class=\"elementor-column elementor-col-50 elementor-top-column elementor-element elementor-element-ca90a16\" data-id=\"ca90a16\" data-element_type=\"column\">\n\t\t\t<div class=\"elementor-widget-wrap elementor-element-populated\">\n\t\t\t\t\t\t\t\t<div class=\"elementor-element elementor-element-06cc362 elementor-widget elementor-widget-text-editor\" data-id=\"06cc362\" data-element_type=\"widget\" data-widget_type=\"text-editor.default\">\n\t\t\t\t<div class=\"elementor-widget-container\">\n\t\t\t\t\t<div class=\"elementor-text-editor elementor-clearfix\"><p><span style=\"color: #000000;\">Vysok\u00e1 \u0161kola hotelov\u00e1 V\u00a0Praze, koordinat\u00e1tor projektu, <br \/>\u010cesk\u00e1 republika<\/span><br \/><a href=\"http:\/\/www.vsh.cz\/\">www.vsh.cz<\/a>\u00a0<\/p><\/div>\n\t\t\t\t<\/div>\n\t\t\t\t<\/div>\n\t\t\t\t\t<\/div>\n\t\t<\/div>\n\t\t\t\t<div class=\"elementor-column elementor-col-50 elementor-top-column elementor-element elementor-element-d8795a8\" data-id=\"d8795a8\" data-element_type=\"column\">\n\t\t\t<div class=\"elementor-widget-wrap elementor-element-populated\">\n\t\t\t\t\t\t\t\t<div class=\"elementor-element elementor-element-7690017 elementor-widget elementor-widget-image\" data-id=\"7690017\" data-element_type=\"widget\" data-widget_type=\"image.default\">\n\t\t\t\t<div class=\"elementor-widget-container\">\n\t\t\t\t\t<div class=\"elementor-image\">\n\t\t\t\t\t\t\t\t\t\t<img width=\"150\" height=\"150\" src=\"http:\/\/demina.cz\/wp-content\/uploads\/2021\/02\/VSH-LOGO-CZ-2019_01-1-150x150.png\" class=\"attachment-thumbnail size-thumbnail\" alt=\"\" loading=\"lazy\" srcset=\"http:\/\/demina.cz\/wp-content\/uploads\/2021\/02\/VSH-LOGO-CZ-2019_01-1-150x150.png 150w, http:\/\/demina.cz\/wp-content\/uploads\/2021\/02\/VSH-LOGO-CZ-2019_01-1-300x300.png 300w, http:\/\/demina.cz\/wp-content\/uploads\/2021\/02\/VSH-LOGO-CZ-2019_01-1-1024x1021.png 1024w, http:\/\/demina.cz\/wp-content\/uploads\/2021\/02\/VSH-LOGO-CZ-2019_01-1-768x766.png 768w, http:\/\/demina.cz\/wp-content\/uploads\/2021\/02\/VSH-LOGO-CZ-2019_01-1-60x60.png 60w, http:\/\/demina.cz\/wp-content\/uploads\/2021\/02\/VSH-LOGO-CZ-2019_01-1-468x468.png 468w, http:\/\/demina.cz\/wp-content\/uploads\/2021\/02\/VSH-LOGO-CZ-2019_01-1.png 1500w\" sizes=\"(max-width: 150px) 100vw, 150px\" \/>\t\t\t\t\t\t\t\t\t\t\t<\/div>\n\t\t\t\t<\/div>\n\t\t\t\t<\/div>\n\t\t\t\t\t<\/div>\n\t\t<\/div>\n\t\t\t\t\t\t\t<\/div>\n\t\t<\/section>\n\t\t\t\t<section class=\"elementor-section elementor-top-section elementor-element elementor-element-bb4be59 elementor-section-boxed elementor-section-height-default elementor-section-height-default\" data-id=\"bb4be59\" data-element_type=\"section\">\n\t\t\t\t\t\t<div class=\"elementor-container elementor-column-gap-default\">\n\t\t\t\t\t<div class=\"elementor-column elementor-col-50 elementor-top-column elementor-element elementor-element-68ac677\" data-id=\"68ac677\" data-element_type=\"column\">\n\t\t\t<div class=\"elementor-widget-wrap elementor-element-populated\">\n\t\t\t\t\t\t\t\t<div class=\"elementor-element elementor-element-8f717ab elementor-widget elementor-widget-text-editor\" data-id=\"8f717ab\" data-element_type=\"widget\" data-widget_type=\"text-editor.default\">\n\t\t\t\t<div class=\"elementor-widget-container\">\n\t\t\t\t\t<div class=\"elementor-text-editor elementor-clearfix\"><p><span style=\"font-size: 15.9984px; color: #000000;\">Baltijas<\/span><span style=\"font-size: 15.9984px;\"><span style=\"color: #000000;\"> Starptautisk\u0101\u00a0Akad\u0113mija, partner projektu, <br \/>Loty\u0161sko\u00a0\u00a0<\/span>\u00a0\u00a0<\/span><br style=\"font-size: 15.9984px; color: #343434;\" \/><a style=\"background-color: #ffffff; font-size: 15.9984px;\" href=\"http:\/\/www.bsa.edu.lv\/\">www.bsa.edu.lv<\/a><span style=\"font-size: 15.9984px; color: #343434;\">\u00a0\u00a0<br \/><\/span><\/p><\/div>\n\t\t\t\t<\/div>\n\t\t\t\t<\/div>\n\t\t\t\t\t<\/div>\n\t\t<\/div>\n\t\t\t\t<div class=\"elementor-column elementor-col-50 elementor-top-column elementor-element elementor-element-aee3489\" data-id=\"aee3489\" data-element_type=\"column\">\n\t\t\t<div class=\"elementor-widget-wrap elementor-element-populated\">\n\t\t\t\t\t\t\t\t<div class=\"elementor-element elementor-element-62e14e8 elementor-widget elementor-widget-image\" data-id=\"62e14e8\" data-element_type=\"widget\" data-widget_type=\"image.default\">\n\t\t\t\t<div class=\"elementor-widget-container\">\n\t\t\t\t\t<div class=\"elementor-image\">\n\t\t\t\t\t\t\t\t\t\t<img width=\"372\" height=\"135\" src=\"http:\/\/demina.cz\/wp-content\/uploads\/2021\/02\/bsa.png\" class=\"attachment-full size-full\" alt=\"\" loading=\"lazy\" srcset=\"http:\/\/demina.cz\/wp-content\/uploads\/2021\/02\/bsa.png 372w, http:\/\/demina.cz\/wp-content\/uploads\/2021\/02\/bsa-300x109.png 300w, http:\/\/demina.cz\/wp-content\/uploads\/2021\/02\/bsa-165x60.png 165w\" sizes=\"(max-width: 372px) 100vw, 372px\" \/>\t\t\t\t\t\t\t\t\t\t\t<\/div>\n\t\t\t\t<\/div>\n\t\t\t\t<\/div>\n\t\t\t\t\t<\/div>\n\t\t<\/div>\n\t\t\t\t\t\t\t<\/div>\n\t\t<\/section>\n\t\t\t\t<section class=\"elementor-section elementor-top-section elementor-element elementor-element-fa927d7 elementor-section-boxed elementor-section-height-default elementor-section-height-default\" data-id=\"fa927d7\" data-element_type=\"section\">\n\t\t\t\t\t\t<div class=\"elementor-container elementor-column-gap-default\">\n\t\t\t\t\t<div class=\"elementor-column elementor-col-50 elementor-top-column elementor-element elementor-element-dbf1fb7\" data-id=\"dbf1fb7\" data-element_type=\"column\">\n\t\t\t<div class=\"elementor-widget-wrap elementor-element-populated\">\n\t\t\t\t\t\t\t\t<div class=\"elementor-element elementor-element-319b962 elementor-widget elementor-widget-text-editor\" data-id=\"319b962\" data-element_type=\"widget\" data-widget_type=\"text-editor.default\">\n\t\t\t\t<div class=\"elementor-widget-container\">\n\t\t\t\t\t<div class=\"elementor-text-editor elementor-clearfix\"><p><span style=\"font-size: 15.9984px; color: #000000;\">University of National and World Economy, partner projektu, Bulharsko<\/span><br style=\"color: #343434; font-size: 15.9984px;\" \/><a style=\"background-color: #ffffff; font-size: 15.9984px;\" href=\"http:\/\/www.unwe.bg\/\">www.unwe.bg<\/a><\/p><\/div>\n\t\t\t\t<\/div>\n\t\t\t\t<\/div>\n\t\t\t\t\t<\/div>\n\t\t<\/div>\n\t\t\t\t<div class=\"elementor-column elementor-col-50 elementor-top-column elementor-element elementor-element-c78be85\" data-id=\"c78be85\" data-element_type=\"column\">\n\t\t\t<div class=\"elementor-widget-wrap elementor-element-populated\">\n\t\t\t\t\t\t\t\t<div class=\"elementor-element elementor-element-e6fc582 elementor-widget elementor-widget-image\" data-id=\"e6fc582\" data-element_type=\"widget\" data-widget_type=\"image.default\">\n\t\t\t\t<div class=\"elementor-widget-container\">\n\t\t\t\t\t<div class=\"elementor-image\">\n\t\t\t\t\t\t\t\t\t\t<img width=\"150\" height=\"150\" src=\"http:\/\/demina.cz\/wp-content\/uploads\/2021\/02\/niversity-national-world-economy-sofia-bulgaria-150x150.png\" class=\"attachment-thumbnail size-thumbnail\" alt=\"\" loading=\"lazy\" srcset=\"http:\/\/demina.cz\/wp-content\/uploads\/2021\/02\/niversity-national-world-economy-sofia-bulgaria-150x150.png 150w, http:\/\/demina.cz\/wp-content\/uploads\/2021\/02\/niversity-national-world-economy-sofia-bulgaria-300x300.png 300w, http:\/\/demina.cz\/wp-content\/uploads\/2021\/02\/niversity-national-world-economy-sofia-bulgaria-60x60.png 60w, http:\/\/demina.cz\/wp-content\/uploads\/2021\/02\/niversity-national-world-economy-sofia-bulgaria.png 350w\" sizes=\"(max-width: 150px) 100vw, 150px\" \/>\t\t\t\t\t\t\t\t\t\t\t<\/div>\n\t\t\t\t<\/div>\n\t\t\t\t<\/div>\n\t\t\t\t\t<\/div>\n\t\t<\/div>\n\t\t\t\t\t\t\t<\/div>\n\t\t<\/section>\n\t\t\t\t<section class=\"elementor-section elementor-top-section elementor-element elementor-element-dd1bb19 elementor-section-boxed elementor-section-height-default elementor-section-height-default\" data-id=\"dd1bb19\" data-element_type=\"section\">\n\t\t\t\t\t\t<div class=\"elementor-container elementor-column-gap-default\">\n\t\t\t\t\t<div class=\"elementor-column elementor-col-50 elementor-top-column elementor-element elementor-element-a5b2e3c\" data-id=\"a5b2e3c\" data-element_type=\"column\">\n\t\t\t<div class=\"elementor-widget-wrap elementor-element-populated\">\n\t\t\t\t\t\t\t\t<div class=\"elementor-element elementor-element-82dd43f elementor-widget elementor-widget-text-editor\" data-id=\"82dd43f\" data-element_type=\"widget\" data-widget_type=\"text-editor.default\">\n\t\t\t\t<div class=\"elementor-widget-container\">\n\t\t\t\t\t<div class=\"elementor-text-editor elementor-clearfix\"><p><span style=\"color: #000000;\">Lokalna Razvojna Agencija Pins, partner projektu, <br \/>Chorvatsko<\/span><br \/><a href=\"http:\/\/www.pins-skrad.hr\/\">www.pins-skrad.hr<\/a><\/p><\/div>\n\t\t\t\t<\/div>\n\t\t\t\t<\/div>\n\t\t\t\t\t<\/div>\n\t\t<\/div>\n\t\t\t\t<div class=\"elementor-column elementor-col-50 elementor-top-column elementor-element elementor-element-1014046\" data-id=\"1014046\" data-element_type=\"column\">\n\t\t\t<div class=\"elementor-widget-wrap elementor-element-populated\">\n\t\t\t\t\t\t\t\t<div class=\"elementor-element elementor-element-f6a36ac elementor-widget elementor-widget-image\" data-id=\"f6a36ac\" data-element_type=\"widget\" data-widget_type=\"image.default\">\n\t\t\t\t<div class=\"elementor-widget-container\">\n\t\t\t\t\t<div class=\"elementor-image\">\n\t\t\t\t\t\t\t\t\t\t<img width=\"480\" height=\"204\" src=\"http:\/\/demina.cz\/wp-content\/uploads\/2021\/02\/pins.png\" class=\"attachment-full size-full\" alt=\"\" loading=\"lazy\" srcset=\"http:\/\/demina.cz\/wp-content\/uploads\/2021\/02\/pins.png 480w, http:\/\/demina.cz\/wp-content\/uploads\/2021\/02\/pins-300x128.png 300w, http:\/\/demina.cz\/wp-content\/uploads\/2021\/02\/pins-141x60.png 141w\" sizes=\"(max-width: 480px) 100vw, 480px\" \/>\t\t\t\t\t\t\t\t\t\t\t<\/div>\n\t\t\t\t<\/div>\n\t\t\t\t<\/div>\n\t\t\t\t\t<\/div>\n\t\t<\/div>\n\t\t\t\t\t\t\t<\/div>\n\t\t<\/section>\n\t\t\t\t<section class=\"elementor-section elementor-top-section elementor-element elementor-element-cbe0fad elementor-section-boxed elementor-section-height-default elementor-section-height-default\" data-id=\"cbe0fad\" data-element_type=\"section\">\n\t\t\t\t\t\t<div class=\"elementor-container elementor-column-gap-default\">\n\t\t\t\t\t<div class=\"elementor-column elementor-col-50 elementor-top-column elementor-element elementor-element-9361801\" data-id=\"9361801\" data-element_type=\"column\">\n\t\t\t<div class=\"elementor-widget-wrap elementor-element-populated\">\n\t\t\t\t\t\t\t\t<div class=\"elementor-element elementor-element-dc02f90 elementor-widget elementor-widget-text-editor\" data-id=\"dc02f90\" data-element_type=\"widget\" data-widget_type=\"text-editor.default\">\n\t\t\t\t<div class=\"elementor-widget-container\">\n\t\t\t\t\t<div class=\"elementor-text-editor elementor-clearfix\"><p><span style=\"font-size: 15.9984px; color: #000000;\">Fundacja Uniwersytetu Ekonomicznego w Krakowie, partner projektu, Polsko<\/span><br style=\"color: #343434; font-size: 15.9984px;\" \/><a style=\"font-size: 15.9984px;\" href=\"http:\/\/www.fundacjauek.krakow.pl\/\">www.fundacjauek.krakow.pl<\/a><\/p><\/div>\n\t\t\t\t<\/div>\n\t\t\t\t<\/div>\n\t\t\t\t\t<\/div>\n\t\t<\/div>\n\t\t\t\t<div class=\"elementor-column elementor-col-50 elementor-top-column elementor-element elementor-element-a4a2edd\" data-id=\"a4a2edd\" data-element_type=\"column\">\n\t\t\t<div class=\"elementor-widget-wrap elementor-element-populated\">\n\t\t\t\t\t\t\t\t<div class=\"elementor-element elementor-element-7535801 elementor-widget elementor-widget-image\" data-id=\"7535801\" data-element_type=\"widget\" data-widget_type=\"image.default\">\n\t\t\t\t<div class=\"elementor-widget-container\">\n\t\t\t\t\t<div class=\"elementor-image\">\n\t\t\t\t\t\t\t\t\t\t<img width=\"300\" height=\"214\" src=\"http:\/\/demina.cz\/wp-content\/uploads\/2021\/02\/fuek_logo_pl-1.png\" class=\"attachment-full size-full\" alt=\"\" loading=\"lazy\" srcset=\"http:\/\/demina.cz\/wp-content\/uploads\/2021\/02\/fuek_logo_pl-1.png 300w, http:\/\/demina.cz\/wp-content\/uploads\/2021\/02\/fuek_logo_pl-1-84x60.png 84w\" sizes=\"(max-width: 300px) 100vw, 300px\" \/>\t\t\t\t\t\t\t\t\t\t\t<\/div>\n\t\t\t\t<\/div>\n\t\t\t\t<\/div>\n\t\t\t\t\t<\/div>\n\t\t<\/div>\n\t\t\t\t\t\t\t<\/div>\n\t\t<\/section>\n\t\t\t\t<section class=\"elementor-section elementor-top-section elementor-element elementor-element-f113f2d elementor-section-boxed elementor-section-height-default elementor-section-height-default\" data-id=\"f113f2d\" data-element_type=\"section\">\n\t\t\t\t\t\t<div class=\"elementor-container elementor-column-gap-default\">\n\t\t\t\t\t<div class=\"elementor-column elementor-col-50 elementor-top-column elementor-element elementor-element-22bf887\" data-id=\"22bf887\" data-element_type=\"column\">\n\t\t\t<div class=\"elementor-widget-wrap elementor-element-populated\">\n\t\t\t\t\t\t\t\t<div class=\"elementor-element elementor-element-e639746 elementor-widget elementor-widget-text-editor\" data-id=\"e639746\" data-element_type=\"widget\" data-widget_type=\"text-editor.default\">\n\t\t\t\t<div class=\"elementor-widget-container\">\n\t\t\t\t\t<div class=\"elementor-text-editor elementor-clearfix\"><p><span style=\"font-size: 15.9984px; color: #000000;\">Aydin Valiligi, <br \/>partner projektu, <br \/>Turecko<\/span><br style=\"color: #343434; font-size: 15.9984px;\" \/><a style=\"background-color: #ffffff; font-size: 15.9984px;\" href=\"http:\/\/www.aydin.gov.tr\/\">www.aydin.<\/a><a style=\"background-color: #ffffff; font-size: 15.9984px;\" href=\"http:\/\/www.aydin.gov.tr\/\">gov.tr<\/a><\/p><\/div>\n\t\t\t\t<\/div>\n\t\t\t\t<\/div>\n\t\t\t\t\t<\/div>\n\t\t<\/div>\n\t\t\t\t<div class=\"elementor-column elementor-col-50 elementor-top-column elementor-element elementor-element-de88903\" data-id=\"de88903\" data-element_type=\"column\">\n\t\t\t<div class=\"elementor-widget-wrap elementor-element-populated\">\n\t\t\t\t\t\t\t\t<div class=\"elementor-element elementor-element-8a35cf6 elementor-widget elementor-widget-image\" data-id=\"8a35cf6\" data-element_type=\"widget\" data-widget_type=\"image.default\">\n\t\t\t\t<div class=\"elementor-widget-container\">\n\t\t\t\t\t<div class=\"elementor-image\">\n\t\t\t\t\t\t\t\t\t\t<img width=\"1366\" height=\"464\" src=\"http:\/\/demina.cz\/wp-content\/uploads\/2021\/02\/aydin-da-valilik-maskesiz-sokaga-cikmayi-yasakladi1589096264-e1612865669879.jpg\" class=\"attachment-full size-full\" alt=\"\" loading=\"lazy\" srcset=\"http:\/\/demina.cz\/wp-content\/uploads\/2021\/02\/aydin-da-valilik-maskesiz-sokaga-cikmayi-yasakladi1589096264-e1612865669879.jpg 1366w, http:\/\/demina.cz\/wp-content\/uploads\/2021\/02\/aydin-da-valilik-maskesiz-sokaga-cikmayi-yasakladi1589096264-e1612865669879-300x102.jpg 300w, http:\/\/demina.cz\/wp-content\/uploads\/2021\/02\/aydin-da-valilik-maskesiz-sokaga-cikmayi-yasakladi1589096264-e1612865669879-1024x348.jpg 1024w, http:\/\/demina.cz\/wp-content\/uploads\/2021\/02\/aydin-da-valilik-maskesiz-sokaga-cikmayi-yasakladi1589096264-e1612865669879-768x261.jpg 768w, http:\/\/demina.cz\/wp-content\/uploads\/2021\/02\/aydin-da-valilik-maskesiz-sokaga-cikmayi-yasakladi1589096264-e1612865669879-177x60.jpg 177w\" sizes=\"(max-width: 1366px) 100vw, 1366px\" \/>\t\t\t\t\t\t\t\t\t\t\t<\/div>\n\t\t\t\t<\/div>\n\t\t\t\t<\/div>\n\t\t\t\t\t<\/div>\n\t\t<\/div>\n\t\t\t\t\t\t\t<\/div>\n\t\t<\/section>\n\t\t\t\t<section class=\"elementor-section elementor-top-section elementor-element elementor-element-d109409 elementor-section-boxed elementor-section-height-default elementor-section-height-default\" data-id=\"d109409\" data-element_type=\"section\">\n\t\t\t\t\t\t<div class=\"elementor-container elementor-column-gap-default\">\n\t\t\t\t\t<div class=\"elementor-column elementor-col-50 elementor-top-column elementor-element elementor-element-6a1a095\" data-id=\"6a1a095\" data-element_type=\"column\">\n\t\t\t<div class=\"elementor-widget-wrap elementor-element-populated\">\n\t\t\t\t\t\t\t\t<div class=\"elementor-element elementor-element-a0372a3 elementor-widget elementor-widget-text-editor\" data-id=\"a0372a3\" data-element_type=\"widget\" data-widget_type=\"text-editor.default\">\n\t\t\t\t<div class=\"elementor-widget-container\">\n\t\t\t\t\t<div class=\"elementor-text-editor elementor-clearfix\"><p><span style=\"font-size: 15.9984px; color: #000000;\">Institut pro tr\u00e9nink pohostinnosti, partner projektu, <br \/>\u010cesk\u00e1 republika<\/span><br style=\"color: #343434; font-size: 15.9984px;\" \/><a style=\"font-size: 15.9984px;\" href=\"http:\/\/www.hospitalitytraining.eu\/\">www.hospitalitytraining.eu<\/a><\/p><\/div>\n\t\t\t\t<\/div>\n\t\t\t\t<\/div>\n\t\t\t\t\t<\/div>\n\t\t<\/div>\n\t\t\t\t<div class=\"elementor-column elementor-col-50 elementor-top-column elementor-element elementor-element-50469d3\" data-id=\"50469d3\" data-element_type=\"column\">\n\t\t\t<div class=\"elementor-widget-wrap elementor-element-populated\">\n\t\t\t\t\t\t\t\t<div class=\"elementor-element elementor-element-fdaff21 elementor-widget elementor-widget-image\" data-id=\"fdaff21\" data-element_type=\"widget\" data-widget_type=\"image.default\">\n\t\t\t\t<div class=\"elementor-widget-container\">\n\t\t\t\t\t<div class=\"elementor-image\">\n\t\t\t\t\t\t\t\t\t\t<img width=\"500\" height=\"205\" src=\"http:\/\/demina.cz\/wp-content\/uploads\/2021\/02\/hospitality-1.png\" class=\"attachment-full size-full\" alt=\"\" loading=\"lazy\" srcset=\"http:\/\/demina.cz\/wp-content\/uploads\/2021\/02\/hospitality-1.png 500w, http:\/\/demina.cz\/wp-content\/uploads\/2021\/02\/hospitality-1-300x123.png 300w, http:\/\/demina.cz\/wp-content\/uploads\/2021\/02\/hospitality-1-146x60.png 146w\" sizes=\"(max-width: 500px) 100vw, 500px\" \/>\t\t\t\t\t\t\t\t\t\t\t<\/div>\n\t\t\t\t<\/div>\n\t\t\t\t<\/div>\n\t\t\t\t\t<\/div>\n\t\t<\/div>\n\t\t\t\t\t\t\t<\/div>\n\t\t<\/section>\n\t\t\t\t\t\t<\/div>\n\t\t\t\t\t<\/div>\n\t\t","protected":false},"excerpt":{"rendered":"<p>Vysok\u00e1 \u0161kola hotelov\u00e1 V\u00a0Praze, koordinat\u00e1tor projektu, \u010cesk\u00e1 republikawww.vsh.cz\u00a0 Baltijas Starptautisk\u0101\u00a0Akad\u0113mija, partner projektu, Loty\u0161sko\u00a0\u00a0\u00a0\u00a0www.bsa.edu.lv\u00a0\u00a0 University of National and World Economy, partner projektu, Bulharskowww.unwe.bg Lokalna Razvojna Agencija Pins, partner projektu, Chorvatskowww.pins-skrad.hr Fundacja Uniwersytetu Ekonomicznego w Krakowie, partner projektu, Polskowww.fundacjauek.krakow.pl Aydin Valiligi, partner projektu, Tureckowww.aydin.gov.tr Institut pro tr\u00e9nink pohostinnosti, partner projektu, \u010cesk\u00e1 republikawww.hospitalitytraining.eu<\/p>\n","protected":false},"author":1,"featured_media":131,"parent":0,"menu_order":0,"comment_status":"closed","ping_status":"closed","template":"","meta":[],"_links":{"self":[{"href":"http:\/\/demina.cz\/home\/wp-json\/wp\/v2\/pages\/52"}],"collection":[{"href":"http:\/\/demina.cz\/home\/wp-json\/wp\/v2\/pages"}],"about":[{"href":"http:\/\/demina.cz\/home\/wp-json\/wp\/v2\/types\/page"}],"author":[{"embeddable":true,"href":"http:\/\/demina.cz\/home\/wp-json\/wp\/v2\/users\/1"}],"replies":[{"embeddable":true,"href":"http:\/\/demina.cz\/home\/wp-json\/wp\/v2\/comments?post=52"}],"version-history":[{"count":25,"href":"http:\/\/demina.cz\/home\/wp-json\/wp\/v2\/pages\/52\/revisions"}],"predecessor-version":[{"id":412,"href":"http:\/\/demina.cz\/home\/wp-json\/wp\/v2\/pages\/52\/revisions\/412"}],"wp:featuredmedia":[{"embeddable":true,"href":"http:\/\/demina.cz\/home\/wp-json\/wp\/v2\/media\/131"}],"wp:attachment":[{"href":"http:\/\/demina.cz\/home\/wp-json\/wp\/v2\/media?parent=52"}],"curies":[{"name":"wp","href":"https:\/\/api.w.org\/{rel}","templated":true}]}}