{"id":540,"date":"2022-10-15T16:34:23","date_gmt":"2022-10-15T16:34:23","guid":{"rendered":"http:\/\/demina.cz\/home\/?page_id=540"},"modified":"2022-11-10T08:58:22","modified_gmt":"2022-11-10T08:58:22","slug":"diskuzni-forum","status":"publish","type":"page","link":"http:\/\/demina.cz\/home\/diskuzni-forum\/","title":{"rendered":"Diskuzn\u00ed f\u00f3rum"},"content":{"rendered":"\t\t<div data-elementor-type=\"wp-page\" data-elementor-id=\"540\" class=\"elementor elementor-540\" data-elementor-settings=\"[]\">\n\t\t\t\t\t\t\t<div class=\"elementor-section-wrap\">\n\t\t\t\t\t\t\t<section class=\"elementor-section elementor-top-section elementor-element elementor-element-37c5b68d elementor-section-boxed elementor-section-height-default elementor-section-height-default\" data-id=\"37c5b68d\" data-element_type=\"section\">\n\t\t\t\t\t\t<div class=\"elementor-container elementor-column-gap-default\">\n\t\t\t\t\t<div class=\"elementor-column elementor-col-100 elementor-top-column elementor-element elementor-element-eefcc5f\" data-id=\"eefcc5f\" data-element_type=\"column\">\n\t\t\t<div class=\"elementor-widget-wrap elementor-element-populated\">\n\t\t\t\t\t\t\t\t<div class=\"elementor-element elementor-element-1323880e elementor-widget elementor-widget-text-editor\" data-id=\"1323880e\" data-element_type=\"widget\" data-widget_type=\"text-editor.default\">\n\t\t\t\t<div class=\"elementor-widget-container\">\n\t\t\t\t\t<div class=\"elementor-text-editor elementor-clearfix\"><p>Pro vstoupen\u00ed do diskuse mus\u00edte m\u00edt p\u0159id\u011blen\u00fd p\u0159\u00edstup. Pokud jej nem\u00e1te, napi\u0161te pros\u00edm na <a href=\"mailto:martin.hrabec@seznam.cz\">martin.hrabec@seznam.cz<\/a><span style=\"font-size: 14.2208px;\">.<\/span><\/p><p><span style=\"color: var( --e-global-color-text ); font-family: var( --e-global-typography-text-font-family ), Sans-serif; font-weight: var( --e-global-typography-text-font-weight ); font-size: 0.8888em;\"><iframe src='http:\/\/padlet.com\/embed\/mxay22hgdbtczddj' frameborder=0 width='100%' height='480px' style='padding:0;margin:0;border:none'><\/iframe><div style='border-top:2px solid #a7d23a;padding:8px;margin:0;font-size:12px;text-align:right'><a href='http:\/\/wallwisher.com' style='color:#41555f;text-decoration:none'>Created with Padlet<img valign='middle' style='margin:0 0 0 10px;padding:0;border:none;width:16px;height:16px' src='http:\/\/padlet.com\/favicon.ico'><\/a><\/div><\/span><\/p><\/div>\n\t\t\t\t<\/div>\n\t\t\t\t<\/div>\n\t\t\t\t\t<\/div>\n\t\t<\/div>\n\t\t\t\t\t\t\t<\/div>\n\t\t<\/section>\n\t\t\t\t\t\t<\/div>\n\t\t\t\t\t<\/div>\n\t\t","protected":false},"excerpt":{"rendered":"<p>Pro vstoupen\u00ed do diskuse mus\u00edte m\u00edt p\u0159id\u011blen\u00fd p\u0159\u00edstup. Pokud jej nem\u00e1te, napi\u0161te pros\u00edm na martin.hrabec@seznam.cz.<\/p>\n","protected":false},"author":1,"featured_media":567,"parent":0,"menu_order":0,"comment_status":"closed","ping_status":"closed","template":"","meta":[],"_links":{"self":[{"href":"http:\/\/demina.cz\/home\/wp-json\/wp\/v2\/pages\/540"}],"collection":[{"href":"http:\/\/demina.cz\/home\/wp-json\/wp\/v2\/pages"}],"about":[{"href":"http:\/\/demina.cz\/home\/wp-json\/wp\/v2\/types\/page"}],"author":[{"embeddable":true,"href":"http:\/\/demina.cz\/home\/wp-json\/wp\/v2\/users\/1"}],"replies":[{"embeddable":true,"href":"http:\/\/demina.cz\/home\/wp-json\/wp\/v2\/comments?post=540"}],"version-history":[{"count":27,"href":"http:\/\/demina.cz\/home\/wp-json\/wp\/v2\/pages\/540\/revisions"}],"predecessor-version":[{"id":614,"href":"http:\/\/demina.cz\/home\/wp-json\/wp\/v2\/pages\/540\/revisions\/614"}],"wp:featuredmedia":[{"embeddable":true,"href":"http:\/\/demina.cz\/home\/wp-json\/wp\/v2\/media\/567"}],"wp:attachment":[{"href":"http:\/\/demina.cz\/home\/wp-json\/wp\/v2\/media?parent=540"}],"curies":[{"name":"wp","href":"https:\/\/api.w.org\/{rel}","templated":true}]}}