{"id":55,"date":"2021-01-28T13:35:00","date_gmt":"2021-01-28T13:35:00","guid":{"rendered":"http:\/\/demina.cz\/?page_id=55"},"modified":"2022-10-15T16:18:40","modified_gmt":"2022-10-15T16:18:40","slug":"novinky","status":"publish","type":"page","link":"http:\/\/demina.cz\/home\/novinky\/","title":{"rendered":"Novinky"},"content":{"rendered":"\t\t<div data-elementor-type=\"wp-page\" data-elementor-id=\"55\" class=\"elementor elementor-55\" data-elementor-settings=\"[]\">\n\t\t\t\t\t\t\t<div class=\"elementor-section-wrap\">\n\t\t\t\t\t\t\t<section class=\"elementor-section elementor-top-section elementor-element elementor-element-661b3f2 elementor-section-boxed elementor-section-height-default elementor-section-height-default\" data-id=\"661b3f2\" data-element_type=\"section\">\n\t\t\t\t\t\t<div class=\"elementor-container elementor-column-gap-default\">\n\t\t\t\t\t<div class=\"elementor-column elementor-col-100 elementor-top-column elementor-element elementor-element-f8daa31\" data-id=\"f8daa31\" data-element_type=\"column\">\n\t\t\t<div class=\"elementor-widget-wrap elementor-element-populated\">\n\t\t\t\t\t\t\t\t<div class=\"elementor-element elementor-element-fdfbd0c elementor-invisible elementor-widget elementor-widget-ucaddon_post_blocks\" data-id=\"fdfbd0c\" data-element_type=\"widget\" data-settings=\"{&quot;_animation&quot;:&quot;fadeInLeft&quot;}\" data-widget_type=\"ucaddon_post_blocks.default\">\n\t\t\t\t<div class=\"elementor-widget-container\">\n\t\t\t<!-- start Post Blocks -->\n\t\t\t<style type=\"text\/css\">\/* widget: Post Blocks *\/\n\n#uc_post_blocks_elementor10442 {\n    display:grid;\n\tgrid-template-columns: repeat(1, 1fr);\n}\n#uc_post_blocks_elementor10442 .ue_post_blocks_box\n{\n  overflow:hidden;\n}\n\n#uc_post_blocks_elementor10442 .ue_post_blocks_image\n{\n  overflow:hidden;\n}\n#uc_post_blocks_elementor10442 .ue_post_blocks_image img\n{\n  object-fit: cover;\n  object-position:left center;\n  width:100%;\n  display:block;\n}\n#uc_post_blocks_elementor10442 .ue_post_blocks_link a\n{\n  display:inline-block;\n  text-decoration:none;\n  text-align:center;\n}\n\n #uc_post_blocks_elementor10442 .ue_post_blocks_box img\n{\n  transition:0.5s;\n}\n #uc_post_blocks_elementor10442 .ue_post_blocks_box:hover img\n{\n  transform:scale(1.1,1.1);\n}\n\n@media screen and (max-width: 800px) {\n  #uc_post_blocks_elementor10442 {\n  grid-template-columns: repeat(2, 1fr);\n  }\n}\n\n@media screen and (max-width: 420px) {\n   #uc_post_blocks_elementor10442 {\n  grid-template-columns: repeat(1, 1fr);\n   }\n}\n\n<\/style>\n\n\t\t\t<div id=\"uc_post_blocks_elementor10442\" class=\"ue_post_blocks\">\n    <div class=\"ue_post_blocks_box\" style=\"text-align:left;\">\n    <div class=\"ue_post_blocks_content\">\n    <div class=\"ue_post_blocks_title\"><a href=\"http:\/\/demina.cz\/home\/novinky\/zaverecny-projektovy-meeting\/\">Z\u00e1v\u011bre\u010dn\u00fd projektov\u00fd meeting<\/a><\/div>        <div class=\"ue_post_blocks_text\">P\u00e1t\u00e9 a z\u00e1v\u011bre\u010dn\u00e9 nadn\u00e1rodn\u00ed projektov\u00e9 setk\u00e1n\u00ed projektu DEMINA \u2013 Inovace a dal\u0161\u00ed vzd\u011bl\u00e1v\u00e1n\u00ed v destina\u010dn\u00edm managementu, kter\u00fd je realizov\u00e1n s finan\u010dn\u00ed podporou Evropsk\u00e9 unie v r\u00e1mci programu Erasmus+ konsorciem sedmi organizac\u00ed ze \u0161esti zem\u00ed a kter\u00fd je \u0159\u00edzen Vysokou \u0161kolou hotelovou v Praze, se konalo ve dnech 20.-21.10.2022 v Praze.\r\nPartne\u0159i se soust\u0159edili na posledn\u00ed detaily a hodnocen\u00ed dokon\u010den\u00fdch projektov\u00fdch v\u00fdstup\u016f, z\u00e1le\u017eitosti publicity a disseminace projektu, informace o prob\u011bhl\u00fdch multiplika\u010dn\u00edch akc\u00edch v jednotliv\u00fdch partnersk\u00fdch zem\u00edch a fin\u00e1ln\u00ed souhrn z\u00edskan\u00e9 zp\u011btn\u00e9 vazby od \u0161irok\u00e9 odborn\u00e9 ve\u0159ejnosti i renomovan\u00fdch zahrani\u010dn\u00edch expert\u016f. Partnerstv\u00ed projednalo i mo\u017enosti spole\u010dn\u00fdch publika\u010dn\u00edch aktivit co se t\u00fd\u010de projektu a projektov\u00fdch v\u00fdstup\u016f.\r\nD\u016fle\u017eitou sou\u010d\u00e1st\u00ed projektov\u00e9ho meetingu byla i z\u00e1v\u011bre\u010dn\u00e1 evaluace projektu a dohoda ohledn\u011b souhrnn\u00e9 evalua\u010dn\u00ed zpr\u00e1vy.\r\n\r\n<\/div>    <div class=\"ue_post_blocks_link\"><a href=\"http:\/\/demina.cz\/home\/novinky\/zaverecny-projektovy-meeting\/\">\u010d\u00edst d\u00e1l<\/a><\/div>  <\/div>\n<\/div>\n<div class=\"ue_post_blocks_box\" style=\"text-align:left;\">\n    <div class=\"ue_post_blocks_content\">\n    <div class=\"ue_post_blocks_title\"><a href=\"http:\/\/demina.cz\/home\/novinky\/multiplikacni-akce-projektu\/\">Multiplika\u010dn\u00ed akce projektu<\/a><\/div>        <div class=\"ue_post_blocks_text\">Ve \u010dtvrtek 20. \u0159\u00edjna se uskute\u010dnila v konferen\u010dn\u00edch prostor\u00e1ch Hotelu Grandium Praha multiplika\u010dn\u00ed akce projektu a prezentace zpracovan\u00fdch odborn\u00fdch v\u00fdstup\u016f, na kter\u00e9 se se\u0161lo p\u0159es \u010dty\u0159icet odborn\u00edk\u016f z oblasti turismu a odborn\u00e9ho vzd\u011bl\u00e1v\u00e1n\u00ed. Odezva na zpracovan\u00e9 odborn\u00e9 materi\u00e1ly byla velmi dobr\u00e1 a m\u00e1me tak jistotu, \u017ee na\u0161e dvoulet\u00e1 pr\u00e1ce nep\u0159ijde nazmar a pom\u016f\u017ee k rozvoji a zkvalitn\u011bn\u00ed pl\u00e1nov\u00e1n\u00ed a \u0159\u00edzen\u00ed v turismu.\r\n\r\n&amp;nbsp;\r\n\r\n<\/div>    <div class=\"ue_post_blocks_link\"><a href=\"http:\/\/demina.cz\/home\/novinky\/multiplikacni-akce-projektu\/\">\u010d\u00edst d\u00e1l<\/a><\/div>  <\/div>\n<\/div>\n<div class=\"ue_post_blocks_box\" style=\"text-align:left;\">\n    <div class=\"ue_post_blocks_content\">\n    <div class=\"ue_post_blocks_title\"><a href=\"http:\/\/demina.cz\/home\/novinky\/vzdelavaci-aktivita-projektu\/\">Vzd\u011bl\u00e1vac\u00ed aktivita projektu<\/a><\/div>        <div class=\"ue_post_blocks_text\">Akademi\u010dt\u00ed pracovn\u00edci a odborn\u00edci z praxe z p\u011bti partnersk\u00fdch zem\u00ed se v r\u00e1mci projektu DEMINA, spolufinancovan\u00e9ho programem Evropsk\u00e9 unie Erasmus+, p\u0159ijeli u\u010dit z p\u0159\u00edklad\u016f dobr\u00e9 praxe v \u010cesk\u00e9 republice, kde ve dnech 23. a\u017e 27. z\u00e1\u0159\u00ed prob\u00edhala vzd\u011bl\u00e1vac\u00ed aktivita projektu.\r\n\r\nV r\u00e1mci tzv. Training\/Learning Activity, realizovan\u00e9 ve dnech 23. \u2013 27. z\u00e1\u0159\u00ed 2022, nav\u0161t\u00edvili z\u00e1stupci Polska, Loty\u0161ska, Bulharska, Turecka a Chorvatska nejprve Ostravsko, kde krom\u011b region\u00e1ln\u00edho centra Ostravy nav\u0161t\u00edvili \u010d\u00e1sti Technotrasy, jedine\u010dn\u00e9ho region\u00e1ln\u00edho produktu turismu v \u010cesk\u00e9 republice. Mezi nav\u0161t\u00edven\u00fdmi m\u00edsty byly mimo jin\u00e9 D\u016fl Michal, Vodn\u00ed ml\u00fdn Wesselsky, Muzeum n\u00e1kladn\u00edch automobil\u016f Tatra v Kop\u0159ivnici nebo m\u011bli mo\u017enost ochutnat \u0160trambersk\u00e9 u\u0161i p\u0159\u00edmo v Cukr\u00e1rn\u011b U Hezoun\u016f.\r\n\r\nP\u0159\u00ednosem pro \u00fa\u010dastn\u00edky byla pr\u00e1v\u011b mo\u017enost u\u010dit se z dobr\u00e9 praxe, kdy mohli vid\u011bt v\u00fdsledek dlouhodob\u00e9 pr\u00e1ce budov\u00e1n\u00ed a udr\u017een\u00ed region\u00e1ln\u00edho produktu turismu, zapojen\u00ed stakeholder\u016f, destina\u010dn\u00edch management\u016f na region\u00e1ln\u00ed a lok\u00e1ln\u00ed \u00farovni...<\/div>    <div class=\"ue_post_blocks_link\"><a href=\"http:\/\/demina.cz\/home\/novinky\/vzdelavaci-aktivita-projektu\/\">\u010d\u00edst d\u00e1l<\/a><\/div>  <\/div>\n<\/div>\n<div class=\"ue_post_blocks_box\" style=\"text-align:left;\">\n    <div class=\"ue_post_blocks_content\">\n    <div class=\"ue_post_blocks_title\"><a href=\"http:\/\/demina.cz\/home\/novinky\/ctvrty-projektovy-meeting-27-28-06-2022\/\">\u010ctvrt\u00fd projektov\u00fd meeting 27.-28.06.2022<\/a><\/div>        <div class=\"ue_post_blocks_text\">\u010ctvrt\u00e9 nadn\u00e1rodn\u00ed projektov\u00e9 setk\u00e1n\u00ed projektu DEMINA \u2013 Inovace a dal\u0161\u00ed vzd\u011bl\u00e1v\u00e1n\u00ed v destina\u010dn\u00edm managementu, kter\u00fd realizuje s finan\u010dn\u00ed podporou Evropsk\u00e9 unie v r\u00e1mci programu Erasmus+ konsorcium sedmi organizac\u00ed ze \u0161esti zem\u00ed a kter\u00fd je \u0159\u00edzen Vysokou \u0161kolou hotelovou v Praze, se konalo ve dnech 27.-28.06.2022 v chorvatsk\u00e9m Skradu v s\u00eddle partnersk\u00e9 organizace PINS Skrad.Partnerstv\u00ed projednalo aktu\u00e1ln\u00ed stav realizace projektov\u00fdch v\u00fdstup\u016f a zhodnotilo dosud vytvo\u0159en\u00e9 materi\u00e1ly. D\u00e1le se partne\u0159i soust\u0159edili na dokon\u010dov\u00e1n\u00ed realizace vzd\u011bl\u00e1vac\u00edho programu a metodiky vzd\u011bl\u00e1v\u00e1n\u00ed pro oblast destinan\u010dn\u00edho managementu a auditu. Po diskuzi k prob\u00edhaj\u00edc\u00edm realiza\u010dn\u00edm aktivit\u00e1m se partne\u0159i dohodli na na dal\u0161\u00edm postupu dokon\u010den\u00ed projektov\u00fdch v\u00fdstup\u016f, pl\u00e1nov\u00e1n\u00ed vzd\u011bl\u00e1vac\u00ed aktivity C1, kter\u00e1 prob\u011bhne v \u010cesk\u00e9 republice a syst\u00e9mu z\u00edsk\u00e1v\u00e1n\u00ed zp\u011btn\u00e9 vazby k vytvo\u0159en\u00fdm materi\u00e1l\u016fm od c\u00edlov\u00fdch skupin. Sou\u010d\u00e1st\u00ed programu byla tak\u00e9 prezentace pot\u0159ebn\u00fdch krok\u016f a dokumentace souvisej\u00edc\u00ed s finan\u010dn\u00edm \u0159\u00edzen\u00edm projektu,...<\/div>    <div class=\"ue_post_blocks_link\"><a href=\"http:\/\/demina.cz\/home\/novinky\/ctvrty-projektovy-meeting-27-28-06-2022\/\">\u010d\u00edst d\u00e1l<\/a><\/div>  <\/div>\n<\/div>\n<div class=\"ue_post_blocks_box\" style=\"text-align:left;\">\n    <div class=\"ue_post_blocks_content\">\n    <div class=\"ue_post_blocks_title\"><a href=\"http:\/\/demina.cz\/home\/novinky\/treti-projektovy-meeting-7-8-3-2022\/\">T\u0159et\u00ed projektov\u00fd meeting, 7.-8.3.2022<\/a><\/div>        <div class=\"ue_post_blocks_text\">T\u0159et\u00ed nadn\u00e1rodn\u00ed projektov\u00e9 setk\u00e1n\u00ed projektu DEMINA \u2013 Inovace a dal\u0161\u00ed vzd\u011bl\u00e1v\u00e1n\u00ed v destina\u010dn\u00edm managementu, kter\u00fd realizuje s finan\u010dn\u00ed podporou Evropsk\u00e9 unie v r\u00e1mci programu Erasmus+ konsorcium sedmi organizac\u00ed ze \u0161esti zem\u00ed a kter\u00fd je \u0159\u00edzen Vysokou \u0161kolou hotelovou v Praze, se konalo ve dnech 07.-08.03.2022 v loty\u0161sk\u00e9 Rize. Vzhledem ke st\u00e1le dozn\u00edvaj\u00edc\u00edm pandemick\u00fdm opat\u0159en\u00edm v n\u011bkter\u00fd partnersk\u00fdch zem\u00edch prob\u011bhl meeting \u010d\u00e1ste\u010dn\u011b prezen\u010dn\u011b a \u010d\u00e1ste\u010dn\u011b online, proto\u017ee n\u011bkte\u0159\u00ed partner\u016f nem\u011bli mo\u017enost se z\u00fa\u010dastnit osobn\u011b.\r\n\r\nPartnerstv\u00ed projednalo aktu\u00e1ln\u00ed stav realizace prvn\u00edho projektov\u00e9ho v\u00fdstupu IO1 a zhodnotilo dosud vytvo\u0159en\u00e9 materi\u00e1ly. D\u00e1le se zam\u011b\u0159ilo na prob\u00edhaj\u00edc\u00ed realizaci projektov\u00e9ho v\u00fdstupu IO2, kter\u00fd obsahuje vzd\u011bl\u00e1vac\u00edh program a metodiku vzd\u011bl\u00e1v\u00e1n\u00ed pro oblast Destinan\u010dn\u00ed management a audit. Po diskuzi k prob\u00edhaj\u00edc\u00edm realiza\u010dn\u00edm aktivit\u00e1m se partne\u0159i dohodli na na dal\u0161\u00edm realiza\u010dn\u00edm postupu p\u0159i tvorb\u011b obou vzd\u011bl\u00e1vac\u00edch v\u00fdstup\u016f. Sou\u010d\u00e1st\u00ed programu byla samoz\u0159ejm\u011b i prezentace...<\/div>    <div class=\"ue_post_blocks_link\"><a href=\"http:\/\/demina.cz\/home\/novinky\/treti-projektovy-meeting-7-8-3-2022\/\">\u010d\u00edst d\u00e1l<\/a><\/div>  <\/div>\n<\/div>\n<div class=\"ue_post_blocks_box\" style=\"text-align:left;\">\n    <div class=\"ue_post_blocks_content\">\n    <div class=\"ue_post_blocks_title\"><a href=\"http:\/\/demina.cz\/home\/novinky\/druhy-mezinarodni-meeting-projektu-demina\/\">Druh\u00fd mezin\u00e1rodn\u00ed meeting projektu DEMINA<\/a><\/div>        <div class=\"ue_post_blocks_text\">Druh\u00e9 nadn\u00e1rodn\u00ed projektov\u00e9 setk\u00e1n\u00ed projektu DEMINA \u2013 Inovace a dal\u0161\u00ed vzd\u011bl\u00e1v\u00e1n\u00ed v destina\u010dn\u00edm managementu, kter\u00fd realizuje konsorcium sedmi organizac\u00ed ze \u0161esti zem\u00ed a kter\u00fd je \u0159\u00edzen Vysokou \u0161kolou hotelovou v Praze, se konalo ve dnech 10.-11.10.2021 v tureck\u00e9m Aydinu\/Kusadasi za \u00fa\u010dasti 14 \u00fa\u010dastn\u00edk\u016f ze \u0161esti partnersk\u00fdch zem\u00ed. zem\u00ed. Partne\u0159i m\u011bli poprv\u00e9 mo\u017enost sej\u00edt se u jednoho stolu, proto\u017ee prvn\u00ed projektov\u00fd meeting musel d\u00edky pandemick\u00fdm omezen\u00edm v prosinci 2020 prob\u011bhnout pouze online.\r\n\r\nPartnerstv\u00ed projednalo aktu\u00e1ln\u00ed stav realizace projektov\u00fdch aktivit A1 \u2013 A5, vym\u011bnili si zku\u0161enosti s realiza\u010dn\u00edmi probl\u00e9my, kter\u00e9 zp\u016fsobuj\u00ed pandemick\u00e1 omezen\u00ed a jejich d\u016fsledky, a dohodli se na na dal\u0161\u00edm realiza\u010dn\u00edm postupu a tvob\u011b v\u00fdstup\u016f.\r\n\r\nDruh\u00fd projektov\u00fd den byla d\u016fle\u017eitou \u010d\u00e1st\u00ed programu prezentace pot\u0159ebn\u00fdch krok\u016f a dokumentace k bl\u00ed\u017e\u00edc\u00ed se pr\u016fb\u011b\u017en\u00e9 zpr\u00e1v\u011b projektu, kterou je nutn\u00e9 podat do 30.11.2021. Po t\u00e9to \u00favodn\u00ed dopoledn\u00ed \u010d\u00e1sti programu se partne\u0159i z\u00fa\u010dastnili ter\u00e9nn\u00ed inspekce ve vybran\u00fdch...<\/div>    <div class=\"ue_post_blocks_link\"><a href=\"http:\/\/demina.cz\/home\/novinky\/druhy-mezinarodni-meeting-projektu-demina\/\">\u010d\u00edst d\u00e1l<\/a><\/div>  <\/div>\n<\/div>\n<div class=\"ue_post_blocks_box\" style=\"text-align:left;\">\n    <div class=\"ue_post_blocks_content\">\n    <div class=\"ue_post_blocks_title\"><a href=\"http:\/\/demina.cz\/home\/novinky\/pracovni-online-meeting-projektu-demina\/\">Pracovn\u00ed online meeting projektu DEMINA<\/a><\/div>        <div class=\"ue_post_blocks_text\">V pond\u011bl\u00ed 7. \u010dervence prob\u011bhl\u00a0 dal\u0161\u00ed pracovn\u00ed online meeting projektu DEMINA. Z\u00e1stupci jednotliv\u00fdch partnersk\u00fdch organizac\u00ed projednali aktu\u00e1ln\u00ed stav realizace projektov\u00fdch aktivit, vym\u011bnili si zku\u0161enosti s realiza\u010dn\u00edmi probl\u00e9my, kter\u00e9 zp\u016fsobuj\u00ed pandemick\u00e1 omezen\u00ed a jejich d\u016fsledky, a dohodli se na na dal\u0161\u00edm realiza\u010dn\u00edm\u00a0 postupu, projektov\u00fdch aktivit\u00e1ch i na tom, \u017ee term\u00edn dal\u0161\u00edho meetingu se up\u0159esn\u00ed a\u017e na konci srpna podle aktu\u00e1ln\u00ed pandemick\u00e9 situace.<\/div>    <div class=\"ue_post_blocks_link\"><a href=\"http:\/\/demina.cz\/home\/novinky\/pracovni-online-meeting-projektu-demina\/\">\u010d\u00edst d\u00e1l<\/a><\/div>  <\/div>\n<\/div>\n<div class=\"ue_post_blocks_box\" style=\"text-align:left;\">\n    <div class=\"ue_post_blocks_content\">\n    <div class=\"ue_post_blocks_title\"><a href=\"http:\/\/demina.cz\/home\/novinky\/prvni-mezinarodni-meeting-projektu-demina\/\">Prvn\u00ed mezin\u00e1rodn\u00ed meeting projektu DEMINA<\/a><\/div>        <div class=\"ue_post_blocks_text\">V\u00a0pond\u011bl\u00ed 14. prosince 2020 prob\u011bhl\u00a0 (d\u00edky pandemick\u00fdm omezen\u00edm bohu\u017eel pouze online) prvn\u00ed projektov\u00fd meeting projektu Inovace a dal\u0161\u00ed vzd\u011bl\u00e1v\u00e1n\u00ed v destina\u010dn\u00edm managementu, \u010d. proj. 2020-1-CZ01-KA202-078343, kter\u00fd je spolufinancov\u00e1n z\u00a0programu Evropsk\u00e9 Unie Erasmus+. Bohu\u017eel\u00a0 i mnohokr\u00e1t ov\u011b\u0159en\u00fd n\u00e1stroj Google Meet se tentokr\u00e1t postavil proti n\u00e1m, a zah\u00e1jen\u00ed meetingu napl\u00e1novan\u00e9 ve 13:00 se strefilo t\u00e9m\u011b\u0159 p\u0159esn\u011b do komplexn\u00edho \u00a0v\u00fdpadku slu\u017eeb spole\u010dnosti Google v\u00a0cel\u00e9 Evrop\u011b, kter\u00e9 trvalo asi 40 minut. Po \u00favodn\u00edm \u0159e\u0161en\u00ed t\u011bchto komunika\u010dn\u00edch probl\u00e9m\u016f se technika kone\u010dn\u011b umoud\u0159ila a mohli jsme podle pl\u00e1nu \u0159e\u0161it v\u0161e pot\u0159ebn\u00e9 pro \u00fasp\u011b\u0161nou realizaci projektov\u00fdch aktivit. (v\u00edce na http:\/\/demina.cz\/home\/novinky\u00a0 )\r\n\r\nProgram online meetingu byl n\u00e1sleduj\u00edc\u00ed:\r\n\r\n \tUv\u00edt\u00e1n\u00ed partner\u016f ze strany vedouc\u00edho partnera - Vysok\u00e9 \u0161koly hotelov\u00e9 s Praze\r\n \tKr\u00e1tk\u00e9 p\u0159edstaven\u00ed ka\u017ed\u00e9 partnersk\u00e9 organizace\r\n \tPrezentace aktivit projektu a \u010dasov\u00e9ho harmonogramu\r\n \tPrezentace pl\u00e1novan\u00e9ho projektov\u00e9ho \u0159\u00edzen\u00ed, finan\u010dn\u00ed...<\/div>    <div class=\"ue_post_blocks_link\"><a href=\"http:\/\/demina.cz\/home\/novinky\/prvni-mezinarodni-meeting-projektu-demina\/\">\u010d\u00edst d\u00e1l<\/a><\/div>  <\/div>\n<\/div>\n\n<\/div>\n\t\t\t<!-- end Post Blocks -->\t\t<\/div>\n\t\t\t\t<\/div>\n\t\t\t\t\t<\/div>\n\t\t<\/div>\n\t\t\t\t\t\t\t<\/div>\n\t\t<\/section>\n\t\t\t\t\t\t<\/div>\n\t\t\t\t\t<\/div>\n\t\t","protected":false},"excerpt":{"rendered":"<p>Vzd\u011bl\u00e1vac\u00ed aktivita projektu Akademi\u010dt\u00ed pracovn\u00edci a odborn\u00edci z praxe z p\u011bti partnersk\u00fdch zem\u00ed se v r\u00e1mci projektu DEMINA, spolufinancovan\u00e9ho programem Evropsk\u00e9 unie Erasmus+, p\u0159ijeli u\u010dit z p\u0159\u00edklad\u016f dobr\u00e9 praxe v \u010cesk\u00e9 republice, kde ve dnech 23. a\u017e 27. z\u00e1\u0159\u00ed prob\u00edhala vzd\u011bl\u00e1vac\u00ed aktivita projektu. V r\u00e1mci tzv. Training\/Learning Activity, realizovan\u00e9 ve dnech 23. \u2013 27. z\u00e1\u0159\u00ed 2022, nav\u0161t\u00edvili z\u00e1stupci Polska, Loty\u0161ska, Bulharska, Turecka a Chorvatska nejprve Ostravsko, kde krom\u011b region\u00e1ln\u00edho centra Ostravy nav\u0161t\u00edvili \u010d\u00e1sti Technotrasy, jedine\u010dn\u00e9ho region\u00e1ln\u00edho produktu turismu v \u010cesk\u00e9 republice. Mezi nav\u0161t\u00edven\u00fdmi m\u00edsty byly mimo jin\u00e9 D\u016fl Michal, Vodn\u00ed ml\u00fdn Wesselsky, Muzeum n\u00e1kladn\u00edch automobil\u016f Tatra v Kop\u0159ivnici nebo m\u011bli &hellip; <\/p>\n","protected":false},"author":1,"featured_media":132,"parent":0,"menu_order":0,"comment_status":"closed","ping_status":"closed","template":"elementor_theme","meta":[],"_links":{"self":[{"href":"http:\/\/demina.cz\/home\/wp-json\/wp\/v2\/pages\/55"}],"collection":[{"href":"http:\/\/demina.cz\/home\/wp-json\/wp\/v2\/pages"}],"about":[{"href":"http:\/\/demina.cz\/home\/wp-json\/wp\/v2\/types\/page"}],"author":[{"embeddable":true,"href":"http:\/\/demina.cz\/home\/wp-json\/wp\/v2\/users\/1"}],"replies":[{"embeddable":true,"href":"http:\/\/demina.cz\/home\/wp-json\/wp\/v2\/comments?post=55"}],"version-history":[{"count":53,"href":"http:\/\/demina.cz\/home\/wp-json\/wp\/v2\/pages\/55\/revisions"}],"predecessor-version":[{"id":539,"href":"http:\/\/demina.cz\/home\/wp-json\/wp\/v2\/pages\/55\/revisions\/539"}],"wp:featuredmedia":[{"embeddable":true,"href":"http:\/\/demina.cz\/home\/wp-json\/wp\/v2\/media\/132"}],"wp:attachment":[{"href":"http:\/\/demina.cz\/home\/wp-json\/wp\/v2\/media?parent=55"}],"curies":[{"name":"wp","href":"https:\/\/api.w.org\/{rel}","templated":true}]}}